{"id":13,"date":"2024-04-22T09:54:54","date_gmt":"2024-04-22T07:54:54","guid":{"rendered":"http:\/\/tstielec.com\/?page_id=13"},"modified":"2025-08-04T18:34:55","modified_gmt":"2025-08-04T16:34:55","slug":"accueil","status":"publish","type":"page","link":"https:\/\/tstielec.com\/","title":{"rendered":"Accueil"},"content":{"rendered":"\t\t<div data-elementor-type=\"wp-page\" data-elementor-id=\"13\" class=\"elementor elementor-13\">\n\t\t\t\t<div class=\"elementor-element elementor-element-a7f5a67 e-flex e-con-boxed e-con e-parent\" data-id=\"a7f5a67\" data-element_type=\"container\" data-settings=\"{&quot;background_background&quot;:&quot;gradient&quot;}\">\n\t\t\t\t\t<div class=\"e-con-inner\">\n\t\t<div class=\"elementor-element elementor-element-62a3bc6 e-con-full e-flex e-con e-child\" data-id=\"62a3bc6\" data-element_type=\"container\">\n\t\t\t\t<div class=\"elementor-element elementor-element-818b6d0 elementor-widget elementor-widget-text-editor\" data-id=\"818b6d0\" data-element_type=\"widget\" data-widget_type=\"text-editor.default\">\n\t\t\t\t<div class=\"elementor-widget-container\">\n\t\t\t\t\t\t\t\t\t<h2 style=\"font-size: 70px;\"><span style=\"color: #028ee0;\">TSTI<\/span> <span style=\"color: #ff0000;\">ELEC<\/span><\/h2>\t\t\t\t\t\t\t\t<\/div>\n\t\t\t\t<\/div>\n\t\t\t\t<div class=\"elementor-element elementor-element-7192ffc elementor-widget elementor-widget-text-editor\" data-id=\"7192ffc\" data-element_type=\"widget\" data-widget_type=\"text-editor.default\">\n\t\t\t\t<div class=\"elementor-widget-container\">\n\t\t\t\t\t\t\t\t\t<pre class=\"ti-widget\" style=\"display: none\"><template id=\"trustindex-google-widget-html\"><div class=\" ti-widget  ti-goog ti-review-text-mode-readmore ti-text-align-left\" data-no-translation=\"true\" data-layout-id=\"106\" data-layout-category=\"button\" data-set-id=\"drop-shadow\" data-pid=\"\" data-language=\"fr\" data-close-locale=\"Fermer\" data-css-version=\"2\" data-footer-link-domain=\"\" data-size=\"1\" > <div class=\"ti-widget-container\"> <a href=\"https:\/\/admin.trustindex.io\/api\/googleReview?place-id=ChIJq8cVcyAmw0cRfnUMXyWx06o\" target=\"_blank\" rel=\"noopener nofollow\" class=\"ti-header ti-header-grid source-Google\" > <div class=\"ti-fade-container\"> <div class=\"ti-small-logo\"><trustindex-image data-imgurl=\"https:\/\/tstielec.com\/wp-content\/plugins\/wp-reviews-plugin-for-google\/static\/img\/platform\/logo.svg?ver=do-not-care-13.0\" alt=\"Google\" width=\"150\" height=\"25\" loading=\"lazy\"><\/trustindex-image><\/div> <span class=\"ti-stars\"><trustindex-image class=\"ti-star\" data-imgurl=\"https:\/\/cdn.trustindex.io\/assets\/platform\/Google\/star\/f.svg\" alt=\"Google\" width=\"17\" height=\"17\" loading=\"lazy\" ><\/trustindex-image><trustindex-image class=\"ti-star\" data-imgurl=\"https:\/\/cdn.trustindex.io\/assets\/platform\/Google\/star\/f.svg\" alt=\"Google\" width=\"17\" height=\"17\" loading=\"lazy\" ><\/trustindex-image><trustindex-image class=\"ti-star\" data-imgurl=\"https:\/\/cdn.trustindex.io\/assets\/platform\/Google\/star\/f.svg\" alt=\"Google\" width=\"17\" height=\"17\" loading=\"lazy\" ><\/trustindex-image><trustindex-image class=\"ti-star\" data-imgurl=\"https:\/\/cdn.trustindex.io\/assets\/platform\/Google\/star\/f.svg\" alt=\"Google\" width=\"17\" height=\"17\" loading=\"lazy\" ><\/trustindex-image><trustindex-image class=\"ti-star\" data-imgurl=\"https:\/\/cdn.trustindex.io\/assets\/platform\/Google\/star\/f.svg\" alt=\"Google\" width=\"17\" height=\"17\" loading=\"lazy\" ><\/trustindex-image><\/span> <div class=\"ti-mob-row\"> <span class=\"nowrap\"><strong>4.9<span class=\"ti-separator\"><\/span>77 avis<\/strong><\/span> <\/div> <\/div> <\/a> <\/div> <\/div> <\/template><\/pre><div data-src=\"https:\/\/cdn.trustindex.io\/loader.js?wp-widget\" data-template-id=\"trustindex-google-widget-html\" data-css-url=\"https:\/\/tstielec.com\/wp-content\/uploads\/trustindex-google-widget.css?1753564188\"><\/div>\t\t\t\t\t\t\t\t<\/div>\n\t\t\t\t<\/div>\n\t\t\t\t<div class=\"elementor-element elementor-element-c57d8ff elementor-widget elementor-widget-text-editor\" data-id=\"c57d8ff\" data-element_type=\"widget\" data-widget_type=\"text-editor.default\">\n\t\t\t\t<div class=\"elementor-widget-container\">\n\t\t\t\t\t\t\t\t\t<ul><li><strong>\u00c9lectricien sp\u00e9cialis\u00e9 dans les d\u00e9pannages et maintenances \u00e9lectriques rapides<\/strong><\/li><li><strong>Interventions dans la r\u00e9gion lilloise : Roubaix, Wattrelos, Lille, Tourcoing etc.<\/strong><\/li><\/ul>\t\t\t\t\t\t\t\t<\/div>\n\t\t\t\t<\/div>\n\t\t<div class=\"elementor-element elementor-element-c77ceac e-flex e-con-boxed e-con e-child\" data-id=\"c77ceac\" data-element_type=\"container\">\n\t\t\t\t\t<div class=\"e-con-inner\">\n\t\t\t\t<div class=\"elementor-element elementor-element-cd6445f elementor-widget elementor-widget-button\" data-id=\"cd6445f\" data-element_type=\"widget\" data-widget_type=\"button.default\">\n\t\t\t\t<div class=\"elementor-widget-container\">\n\t\t\t\t\t\t\t\t\t<div class=\"elementor-button-wrapper\">\n\t\t\t\t\t<a class=\"elementor-button elementor-button-link elementor-size-sm\" href=\"tel:+33629540306\">\n\t\t\t\t\t\t<span class=\"elementor-button-content-wrapper\">\n\t\t\t\t\t\t<span class=\"elementor-button-icon\">\n\t\t\t\t<svg aria-hidden=\"true\" class=\"e-font-icon-svg e-fas-phone-alt\" viewBox=\"0 0 512 512\" xmlns=\"http:\/\/www.w3.org\/2000\/svg\"><path d=\"M497.39 361.8l-112-48a24 24 0 0 0-28 6.9l-49.6 60.6A370.66 370.66 0 0 1 130.6 204.11l60.6-49.6a23.94 23.94 0 0 0 6.9-28l-48-112A24.16 24.16 0 0 0 122.6.61l-104 24A24 24 0 0 0 0 48c0 256.5 207.9 464 464 464a24 24 0 0 0 23.4-18.6l24-104a24.29 24.29 0 0 0-14.01-27.6z\"><\/path><\/svg>\t\t\t<\/span>\n\t\t\t\t\t\t\t\t\t<span class=\"elementor-button-text\">06 29 54 03 06<\/span>\n\t\t\t\t\t<\/span>\n\t\t\t\t\t<\/a>\n\t\t\t\t<\/div>\n\t\t\t\t\t\t\t\t<\/div>\n\t\t\t\t<\/div>\n\t\t\t\t\t<\/div>\n\t\t\t\t<\/div>\n\t\t\t\t<\/div>\n\t\t<div class=\"elementor-element elementor-element-225f0e3 e-con-full e-flex e-con e-child\" data-id=\"225f0e3\" data-element_type=\"container\">\n\t\t\t\t<div class=\"elementor-element elementor-element-a1ee0d0 elementor-arrows-position-inside elementor-widget elementor-widget-image-carousel\" data-id=\"a1ee0d0\" data-element_type=\"widget\" data-settings=\"{&quot;slides_to_show&quot;:&quot;1&quot;,&quot;navigation&quot;:&quot;arrows&quot;,&quot;autoplay_speed&quot;:3000,&quot;autoplay&quot;:&quot;yes&quot;,&quot;pause_on_hover&quot;:&quot;yes&quot;,&quot;pause_on_interaction&quot;:&quot;yes&quot;,&quot;infinite&quot;:&quot;yes&quot;,&quot;effect&quot;:&quot;slide&quot;,&quot;speed&quot;:500}\" data-widget_type=\"image-carousel.default\">\n\t\t\t\t<div class=\"elementor-widget-container\">\n\t\t\t\t\t\t\t<div class=\"elementor-image-carousel-wrapper swiper\" role=\"region\" aria-roledescription=\"carousel\" aria-label=\"Carrousel d\u2019images\" dir=\"ltr\">\n\t\t\t<div class=\"elementor-image-carousel swiper-wrapper\" aria-live=\"off\">\n\t\t\t\t\t\t\t\t<div class=\"swiper-slide\" role=\"group\" aria-roledescription=\"slide\" aria-label=\"1 sur 2\"><figure class=\"swiper-slide-inner\"><img decoding=\"async\" class=\"swiper-slide-image\" src=\"https:\/\/tstielec.com\/wp-content\/uploads\/2024\/04\/IMG_20180127_142943.jpg\" alt=\"IMG_20180127_142943\" \/><\/figure><\/div><div class=\"swiper-slide\" role=\"group\" aria-roledescription=\"slide\" aria-label=\"2 sur 2\"><figure class=\"swiper-slide-inner\"><img decoding=\"async\" class=\"swiper-slide-image\" src=\"https:\/\/tstielec.com\/wp-content\/uploads\/2024\/04\/2020-06-30.jpg\" alt=\"2020-06-30\" \/><\/figure><\/div>\t\t\t<\/div>\n\t\t\t\t\t\t\t\t\t\t\t\t<div class=\"elementor-swiper-button elementor-swiper-button-prev\" role=\"button\" tabindex=\"0\">\n\t\t\t\t\t\t<svg aria-hidden=\"true\" class=\"e-font-icon-svg e-eicon-chevron-left\" viewBox=\"0 0 1000 1000\" xmlns=\"http:\/\/www.w3.org\/2000\/svg\"><path d=\"M646 125C629 125 613 133 604 142L308 442C296 454 292 471 292 487 292 504 296 521 308 533L604 854C617 867 629 875 646 875 663 875 679 871 692 858 704 846 713 829 713 812 713 796 708 779 692 767L438 487 692 225C700 217 708 204 708 187 708 171 704 154 692 142 675 129 663 125 646 125Z\"><\/path><\/svg>\t\t\t\t\t<\/div>\n\t\t\t\t\t<div class=\"elementor-swiper-button elementor-swiper-button-next\" role=\"button\" tabindex=\"0\">\n\t\t\t\t\t\t<svg aria-hidden=\"true\" class=\"e-font-icon-svg e-eicon-chevron-right\" viewBox=\"0 0 1000 1000\" xmlns=\"http:\/\/www.w3.org\/2000\/svg\"><path d=\"M696 533C708 521 713 504 713 487 713 471 708 454 696 446L400 146C388 133 375 125 354 125 338 125 325 129 313 142 300 154 292 171 292 187 292 204 296 221 308 233L563 492 304 771C292 783 288 800 288 817 288 833 296 850 308 863 321 871 338 875 354 875 371 875 388 867 400 854L696 533Z\"><\/path><\/svg>\t\t\t\t\t<\/div>\n\t\t\t\t\n\t\t\t\t\t\t\t\t\t<\/div>\n\t\t\t\t\t\t<\/div>\n\t\t\t\t<\/div>\n\t\t\t\t<\/div>\n\t\t\t\t\t<\/div>\n\t\t\t\t<\/div>\n\t\t<div class=\"elementor-element elementor-element-2a305a7 e-flex e-con-boxed e-con e-parent\" data-id=\"2a305a7\" data-element_type=\"container\">\n\t\t\t\t\t<div class=\"e-con-inner\">\n\t\t<div class=\"elementor-element elementor-element-b662a3b e-con-full e-flex e-con e-child\" data-id=\"b662a3b\" data-element_type=\"container\">\n\t\t<div class=\"elementor-element elementor-element-d6150fe e-flex e-con-boxed e-con e-child\" data-id=\"d6150fe\" data-element_type=\"container\">\n\t\t\t\t\t<div class=\"e-con-inner\">\n\t\t\t\t<div class=\"elementor-element elementor-element-e372024 elementor-widget elementor-widget-image\" data-id=\"e372024\" data-element_type=\"widget\" data-widget_type=\"image.default\">\n\t\t\t\t<div class=\"elementor-widget-container\">\n\t\t\t\t\t\t\t\t\t\t\t\t\t\t\t<img fetchpriority=\"high\" decoding=\"async\" width=\"512\" height=\"512\" src=\"https:\/\/tstielec.com\/wp-content\/uploads\/2024\/04\/9175054.png\" class=\"attachment-large size-large wp-image-30\" alt=\"\" srcset=\"https:\/\/tstielec.com\/wp-content\/uploads\/2024\/04\/9175054.png 512w, https:\/\/tstielec.com\/wp-content\/uploads\/2024\/04\/9175054-300x300.png 300w, https:\/\/tstielec.com\/wp-content\/uploads\/2024\/04\/9175054-150x150.png 150w\" sizes=\"(max-width: 512px) 100vw, 512px\" \/>\t\t\t\t\t\t\t\t\t\t\t\t\t\t\t<\/div>\n\t\t\t\t<\/div>\n\t\t\t\t<div class=\"elementor-element elementor-element-e1b4e34 elementor-widget elementor-widget-heading\" data-id=\"e1b4e34\" data-element_type=\"widget\" data-widget_type=\"heading.default\">\n\t\t\t\t<div class=\"elementor-widget-container\">\n\t\t\t\t\t<h2 class=\"elementor-heading-title elementor-size-default\">Nos services et prestations :<\/h2>\t\t\t\t<\/div>\n\t\t\t\t<\/div>\n\t\t\t\t<div class=\"elementor-element elementor-element-7512b3a elementor-widget elementor-widget-text-editor\" data-id=\"7512b3a\" data-element_type=\"widget\" data-widget_type=\"text-editor.default\">\n\t\t\t\t<div class=\"elementor-widget-container\">\n\t\t\t\t\t\t\t\t\t<p><strong>Artisan avec 20 ans d&rsquo;exp\u00e9rience, nous intervenons chez pros et particuliers dans tous les domaines li\u00e9s au m\u00e9tier d&rsquo;\u00e9lectricien :<\/strong><\/p><ul><li><strong>D\u00e9pannage et maintenance \u00e9lectrique<\/strong><\/li><li><strong>R\u00e9parations tableau \u00e9lectrique, prise,lumi\u00e8re<\/strong><\/li><li><strong>Installation et maintenance de chauffage \u00e9lectrique, VMC simple\/double flux et hygror\u00e9glable<\/strong><\/li><li><strong>Mise \u00e0 la terre (liaison \u00e9quipotentielle)<\/strong><\/li><li><strong>Mise aux normes NF C 15-100<\/strong><\/li><li><strong>Conseil et diagnostic de l\u2019installation<\/strong><\/li><\/ul>\t\t\t\t\t\t\t\t<\/div>\n\t\t\t\t<\/div>\n\t\t\t\t\t<\/div>\n\t\t\t\t<\/div>\n\t\t\t\t<\/div>\n\t\t<div class=\"elementor-element elementor-element-9ee6b58 e-con-full e-flex e-con e-child\" data-id=\"9ee6b58\" data-element_type=\"container\">\n\t\t\t\t<div class=\"elementor-element elementor-element-45eea36 elementor-widget elementor-widget-heading\" data-id=\"45eea36\" data-element_type=\"widget\" data-widget_type=\"heading.default\">\n\t\t\t\t<div class=\"elementor-widget-container\">\n\t\t\t\t\t<h2 class=\"elementor-heading-title elementor-size-default\">Parmi nos clients :<\/h2>\t\t\t\t<\/div>\n\t\t\t\t<\/div>\n\t\t\t\t<div class=\"elementor-element elementor-element-0e49b89 elementor-widget elementor-widget-heading\" data-id=\"0e49b89\" data-element_type=\"widget\" data-widget_type=\"heading.default\">\n\t\t\t\t<div class=\"elementor-widget-container\">\n\t\t\t\t\t<h2 class=\"elementor-heading-title elementor-size-default\"><p>Notre professionnalisme et notre s\u00e9rieux nous ont amen\u00e9s \u00e0 gagner la confiance de ces enseignes internationales et nationales qui nous sollicitent afin de r\u00e9soudre au plus vite leurs probl\u00e8mes \u00e9lectriques.<\/p><\/h2>\t\t\t\t<\/div>\n\t\t\t\t<\/div>\n\t\t<div class=\"elementor-element elementor-element-8a213d3 e-grid e-con-boxed e-con e-child\" data-id=\"8a213d3\" data-element_type=\"container\">\n\t\t\t\t\t<div class=\"e-con-inner\">\n\t\t\t\t<div class=\"elementor-element elementor-element-65f69ba elementor-widget elementor-widget-image\" data-id=\"65f69ba\" data-element_type=\"widget\" data-widget_type=\"image.default\">\n\t\t\t\t<div class=\"elementor-widget-container\">\n\t\t\t\t\t\t\t\t\t\t\t\t\t\t\t<img decoding=\"async\" width=\"1024\" height=\"1024\" src=\"https:\/\/tstielec.com\/wp-content\/uploads\/2024\/05\/brussels-south-charleroi-airport-logo-1024x1024.png\" class=\"attachment-large size-large wp-image-348\" alt=\"\" srcset=\"https:\/\/tstielec.com\/wp-content\/uploads\/2024\/05\/brussels-south-charleroi-airport-logo-1024x1024.png 1024w, https:\/\/tstielec.com\/wp-content\/uploads\/2024\/05\/brussels-south-charleroi-airport-logo-300x300.png 300w, https:\/\/tstielec.com\/wp-content\/uploads\/2024\/05\/brussels-south-charleroi-airport-logo-150x150.png 150w, https:\/\/tstielec.com\/wp-content\/uploads\/2024\/05\/brussels-south-charleroi-airport-logo-768x768.png 768w, https:\/\/tstielec.com\/wp-content\/uploads\/2024\/05\/brussels-south-charleroi-airport-logo-600x600.png 600w, https:\/\/tstielec.com\/wp-content\/uploads\/2024\/05\/brussels-south-charleroi-airport-logo.png 1280w\" sizes=\"(max-width: 1024px) 100vw, 1024px\" \/>\t\t\t\t\t\t\t\t\t\t\t\t\t\t\t<\/div>\n\t\t\t\t<\/div>\n\t\t\t\t<div class=\"elementor-element elementor-element-6f44615 elementor-widget elementor-widget-image\" data-id=\"6f44615\" data-element_type=\"widget\" data-widget_type=\"image.default\">\n\t\t\t\t<div class=\"elementor-widget-container\">\n\t\t\t\t\t\t\t\t\t\t\t\t\t\t\t<img decoding=\"async\" width=\"400\" height=\"400\" src=\"https:\/\/tstielec.com\/wp-content\/uploads\/2024\/05\/Basic-Fit_logo.png\" class=\"attachment-large size-large wp-image-347\" alt=\"\" srcset=\"https:\/\/tstielec.com\/wp-content\/uploads\/2024\/05\/Basic-Fit_logo.png 400w, https:\/\/tstielec.com\/wp-content\/uploads\/2024\/05\/Basic-Fit_logo-300x300.png 300w, https:\/\/tstielec.com\/wp-content\/uploads\/2024\/05\/Basic-Fit_logo-150x150.png 150w\" sizes=\"(max-width: 400px) 100vw, 400px\" \/>\t\t\t\t\t\t\t\t\t\t\t\t\t\t\t<\/div>\n\t\t\t\t<\/div>\n\t\t\t\t<div class=\"elementor-element elementor-element-1c431cb elementor-widget elementor-widget-image\" data-id=\"1c431cb\" data-element_type=\"widget\" data-widget_type=\"image.default\">\n\t\t\t\t<div class=\"elementor-widget-container\">\n\t\t\t\t\t\t\t\t\t\t\t\t\t\t\t<img loading=\"lazy\" decoding=\"async\" width=\"1024\" height=\"1024\" src=\"https:\/\/tstielec.com\/wp-content\/uploads\/2024\/05\/LUX_Airport_logo.svg-1024x1024.png\" class=\"attachment-large size-large wp-image-349\" alt=\"\" srcset=\"https:\/\/tstielec.com\/wp-content\/uploads\/2024\/05\/LUX_Airport_logo.svg-1024x1024.png 1024w, https:\/\/tstielec.com\/wp-content\/uploads\/2024\/05\/LUX_Airport_logo.svg-300x300.png 300w, https:\/\/tstielec.com\/wp-content\/uploads\/2024\/05\/LUX_Airport_logo.svg-150x150.png 150w, https:\/\/tstielec.com\/wp-content\/uploads\/2024\/05\/LUX_Airport_logo.svg-768x768.png 768w, https:\/\/tstielec.com\/wp-content\/uploads\/2024\/05\/LUX_Airport_logo.svg-1536x1536.png 1536w, https:\/\/tstielec.com\/wp-content\/uploads\/2024\/05\/LUX_Airport_logo.svg-600x600.png 600w, https:\/\/tstielec.com\/wp-content\/uploads\/2024\/05\/LUX_Airport_logo.svg.png 2048w\" sizes=\"(max-width: 1024px) 100vw, 1024px\" \/>\t\t\t\t\t\t\t\t\t\t\t\t\t\t\t<\/div>\n\t\t\t\t<\/div>\n\t\t\t\t<div class=\"elementor-element elementor-element-ad419a2 elementor-widget elementor-widget-image\" data-id=\"ad419a2\" data-element_type=\"widget\" data-widget_type=\"image.default\">\n\t\t\t\t<div class=\"elementor-widget-container\">\n\t\t\t\t\t\t\t\t\t\t\t\t\t\t\t<img loading=\"lazy\" decoding=\"async\" width=\"512\" height=\"512\" src=\"https:\/\/tstielec.com\/wp-content\/uploads\/2024\/05\/unnamed.png\" class=\"attachment-large size-large wp-image-350\" alt=\"\" srcset=\"https:\/\/tstielec.com\/wp-content\/uploads\/2024\/05\/unnamed.png 512w, https:\/\/tstielec.com\/wp-content\/uploads\/2024\/05\/unnamed-300x300.png 300w, https:\/\/tstielec.com\/wp-content\/uploads\/2024\/05\/unnamed-150x150.png 150w\" sizes=\"(max-width: 512px) 100vw, 512px\" \/>\t\t\t\t\t\t\t\t\t\t\t\t\t\t\t<\/div>\n\t\t\t\t<\/div>\n\t\t\t\t<div class=\"elementor-element elementor-element-c0a86e0 elementor-widget elementor-widget-image\" data-id=\"c0a86e0\" data-element_type=\"widget\" data-widget_type=\"image.default\">\n\t\t\t\t<div class=\"elementor-widget-container\">\n\t\t\t\t\t\t\t\t\t\t\t\t\t\t\t<img loading=\"lazy\" decoding=\"async\" width=\"736\" height=\"552\" src=\"https:\/\/tstielec.com\/wp-content\/uploads\/2024\/05\/1d21d4387e19ad7603df275096b2470e.jpg\" class=\"attachment-large size-large wp-image-356\" alt=\"\" srcset=\"https:\/\/tstielec.com\/wp-content\/uploads\/2024\/05\/1d21d4387e19ad7603df275096b2470e.jpg 736w, https:\/\/tstielec.com\/wp-content\/uploads\/2024\/05\/1d21d4387e19ad7603df275096b2470e-300x225.jpg 300w\" sizes=\"(max-width: 736px) 100vw, 736px\" \/>\t\t\t\t\t\t\t\t\t\t\t\t\t\t\t<\/div>\n\t\t\t\t<\/div>\n\t\t\t\t<div class=\"elementor-element elementor-element-3679cf2 elementor-widget elementor-widget-image\" data-id=\"3679cf2\" data-element_type=\"widget\" data-widget_type=\"image.default\">\n\t\t\t\t<div class=\"elementor-widget-container\">\n\t\t\t\t\t\t\t\t\t\t\t\t\t\t\t<img loading=\"lazy\" decoding=\"async\" width=\"1024\" height=\"683\" src=\"https:\/\/tstielec.com\/wp-content\/uploads\/2024\/05\/2560px-Gare_Lille_Europe_Lille_2-1024x683.jpg\" class=\"attachment-large size-large wp-image-357\" alt=\"\" srcset=\"https:\/\/tstielec.com\/wp-content\/uploads\/2024\/05\/2560px-Gare_Lille_Europe_Lille_2-1024x683.jpg 1024w, https:\/\/tstielec.com\/wp-content\/uploads\/2024\/05\/2560px-Gare_Lille_Europe_Lille_2-300x200.jpg 300w, https:\/\/tstielec.com\/wp-content\/uploads\/2024\/05\/2560px-Gare_Lille_Europe_Lille_2-768x512.jpg 768w, https:\/\/tstielec.com\/wp-content\/uploads\/2024\/05\/2560px-Gare_Lille_Europe_Lille_2-1536x1024.jpg 1536w, https:\/\/tstielec.com\/wp-content\/uploads\/2024\/05\/2560px-Gare_Lille_Europe_Lille_2-2048x1366.jpg 2048w\" sizes=\"(max-width: 1024px) 100vw, 1024px\" \/>\t\t\t\t\t\t\t\t\t\t\t\t\t\t\t<\/div>\n\t\t\t\t<\/div>\n\t\t\t\t\t<\/div>\n\t\t\t\t<\/div>\n\t\t\t\t<div class=\"elementor-element elementor-element-a076d0f elementor-widget elementor-widget-image\" data-id=\"a076d0f\" data-element_type=\"widget\" data-widget_type=\"image.default\">\n\t\t\t\t<div class=\"elementor-widget-container\">\n\t\t\t\t\t\t\t\t\t\t\t\t\t\t\t<img loading=\"lazy\" decoding=\"async\" width=\"1024\" height=\"684\" src=\"https:\/\/tstielec.com\/wp-content\/uploads\/2024\/04\/pexels-cristian-rojas-8853523-1024x684.jpg\" class=\"attachment-large size-large wp-image-206\" alt=\"\" srcset=\"https:\/\/tstielec.com\/wp-content\/uploads\/2024\/04\/pexels-cristian-rojas-8853523-1024x684.jpg 1024w, https:\/\/tstielec.com\/wp-content\/uploads\/2024\/04\/pexels-cristian-rojas-8853523-300x200.jpg 300w, https:\/\/tstielec.com\/wp-content\/uploads\/2024\/04\/pexels-cristian-rojas-8853523-768x513.jpg 768w, https:\/\/tstielec.com\/wp-content\/uploads\/2024\/04\/pexels-cristian-rojas-8853523-1536x1026.jpg 1536w, https:\/\/tstielec.com\/wp-content\/uploads\/2024\/04\/pexels-cristian-rojas-8853523-2048x1368.jpg 2048w\" sizes=\"(max-width: 1024px) 100vw, 1024px\" \/>\t\t\t\t\t\t\t\t\t\t\t\t\t\t\t<\/div>\n\t\t\t\t<\/div>\n\t\t\t\t<\/div>\n\t\t\t\t\t<\/div>\n\t\t\t\t<\/div>\n\t\t<div class=\"elementor-element elementor-element-64efe63 elementor-hidden-desktop e-flex e-con-boxed e-con e-parent\" data-id=\"64efe63\" data-element_type=\"container\" id=\"bouton\" data-settings=\"{&quot;background_background&quot;:&quot;classic&quot;,&quot;position&quot;:&quot;fixed&quot;}\">\n\t\t\t\t\t<div class=\"e-con-inner\">\n\t\t\t\t<div class=\"elementor-element elementor-element-a686e57 elementor-widget elementor-widget-button\" data-id=\"a686e57\" data-element_type=\"widget\" data-widget_type=\"button.default\">\n\t\t\t\t<div class=\"elementor-widget-container\">\n\t\t\t\t\t\t\t\t\t<div class=\"elementor-button-wrapper\">\n\t\t\t\t\t<a class=\"elementor-button elementor-button-link elementor-size-sm\" href=\"tel:+33629540306\">\n\t\t\t\t\t\t<span class=\"elementor-button-content-wrapper\">\n\t\t\t\t\t\t<span class=\"elementor-button-icon\">\n\t\t\t\t<svg aria-hidden=\"true\" class=\"e-font-icon-svg e-fas-phone-alt\" viewBox=\"0 0 512 512\" xmlns=\"http:\/\/www.w3.org\/2000\/svg\"><path d=\"M497.39 361.8l-112-48a24 24 0 0 0-28 6.9l-49.6 60.6A370.66 370.66 0 0 1 130.6 204.11l60.6-49.6a23.94 23.94 0 0 0 6.9-28l-48-112A24.16 24.16 0 0 0 122.6.61l-104 24A24 24 0 0 0 0 48c0 256.5 207.9 464 464 464a24 24 0 0 0 23.4-18.6l24-104a24.29 24.29 0 0 0-14.01-27.6z\"><\/path><\/svg>\t\t\t<\/span>\n\t\t\t\t\t\t\t\t\t<span class=\"elementor-button-text\">06 29 54 03 06<\/span>\n\t\t\t\t\t<\/span>\n\t\t\t\t\t<\/a>\n\t\t\t\t<\/div>\n\t\t\t\t\t\t\t\t<\/div>\n\t\t\t\t<\/div>\n\t\t\t\t\t<\/div>\n\t\t\t\t<\/div>\n\t\t\t\t<\/div>\n\t\t","protected":false},"excerpt":{"rendered":"<p>TSTI ELEC \u00c9lectricien sp\u00e9cialis\u00e9 dans les d\u00e9pannages et maintenances \u00e9lectriques rapides Interventions dans la r\u00e9gion lilloise : Roubaix, Wattrelos, Lille, Tourcoing etc. 06 29 54 03 06 Nos services et prestations : Artisan avec 20 ans d&rsquo;exp\u00e9rience, nous intervenons chez pros et particuliers dans tous les domaines li\u00e9s au m\u00e9tier d&rsquo;\u00e9lectricien : D\u00e9pannage et maintenance [&hellip;]<\/p>\n","protected":false},"author":1,"featured_media":0,"parent":0,"menu_order":0,"comment_status":"closed","ping_status":"closed","template":"elementor_header_footer","meta":{"footnotes":""},"class_list":["post-13","page","type-page","status-publish","hentry","entry"],"_links":{"self":[{"href":"https:\/\/tstielec.com\/index.php?rest_route=\/wp\/v2\/pages\/13","targetHints":{"allow":["GET"]}}],"collection":[{"href":"https:\/\/tstielec.com\/index.php?rest_route=\/wp\/v2\/pages"}],"about":[{"href":"https:\/\/tstielec.com\/index.php?rest_route=\/wp\/v2\/types\/page"}],"author":[{"embeddable":true,"href":"https:\/\/tstielec.com\/index.php?rest_route=\/wp\/v2\/users\/1"}],"replies":[{"embeddable":true,"href":"https:\/\/tstielec.com\/index.php?rest_route=%2Fwp%2Fv2%2Fcomments&post=13"}],"version-history":[{"count":274,"href":"https:\/\/tstielec.com\/index.php?rest_route=\/wp\/v2\/pages\/13\/revisions"}],"predecessor-version":[{"id":525,"href":"https:\/\/tstielec.com\/index.php?rest_route=\/wp\/v2\/pages\/13\/revisions\/525"}],"wp:attachment":[{"href":"https:\/\/tstielec.com\/index.php?rest_route=%2Fwp%2Fv2%2Fmedia&parent=13"}],"curies":[{"name":"wp","href":"https:\/\/api.w.org\/{rel}","templated":true}]}}